{"id":9241,"date":"2016-05-10T06:22:05","date_gmt":"2016-05-10T06:22:05","guid":{"rendered":"https:\/\/peterparvez.ca\/fr\/?page_id=9241"},"modified":"2016-06-08T20:45:25","modified_gmt":"2016-06-08T20:45:25","slug":"about","status":"publish","type":"page","link":"https:\/\/peterparvez.ca\/fr\/about\/","title":{"rendered":"HISTOIRE"},"content":{"rendered":"<p>[et_pb_section admin_label=&#8221;Section&#8221; fullwidth=&#8221;on&#8221; specialty=&#8221;off&#8221;][et_pb_fullwidth_header admin_label=&#8221;Fullwidth Header&#8221; title=&#8221;Qui sommes nous&#8221; background_layout=&#8221;dark&#8221; text_orientation=&#8221;center&#8221; header_fullscreen=&#8221;off&#8221; header_scroll_down=&#8221;off&#8221; button_one_text=&#8221;R\u00e9servez un essayage&#8221; button_one_url=&#8221;https:\/\/peterparvez.ca\/fr\/book-a-fitting\/&#8221; button_two_text=&#8221;Trouvez un magasin&#8221; button_two_url=&#8221;https:\/\/peterparvez.ca\/fr\/locations\/&#8221; background_url=&#8221;https:\/\/peterparvez.ca\/fr\/wp-content\/uploads\/2016\/04\/Dark-G.-Heringbone.jpg&#8221; parallax=&#8221;off&#8221; parallax_method=&#8221;off&#8221; content_orientation=&#8221;center&#8221; image_orientation=&#8221;center&#8221; custom_button_one=&#8221;off&#8221; button_one_letter_spacing=&#8221;0&#8243; button_one_use_icon=&#8221;default&#8221; button_one_icon_placement=&#8221;right&#8221; button_one_on_hover=&#8221;on&#8221; button_one_letter_spacing_hover=&#8221;0&#8243; custom_button_two=&#8221;off&#8221; button_two_letter_spacing=&#8221;0&#8243; button_two_use_icon=&#8221;default&#8221; button_two_icon_placement=&#8221;right&#8221; button_two_on_hover=&#8221;on&#8221; button_two_letter_spacing_hover=&#8221;0&#8243;]<\/p>\n<p>[\/et_pb_fullwidth_header][\/et_pb_section][et_pb_section admin_label=&#8221;Section&#8221; fullwidth=&#8221;off&#8221; specialty=&#8221;off&#8221;][et_pb_row admin_label=&#8221;Row&#8221;][et_pb_column type=&#8221;2_3&#8243;][et_pb_text admin_label=&#8221;Text&#8221; background_layout=&#8221;light&#8221; text_orientation=&#8221;left&#8221; use_border_color=&#8221;off&#8221; border_color=&#8221;#ffffff&#8221; border_style=&#8221;solid&#8221;]<\/p>\n<h2>Peter Parvez<\/h2>\n<p>est le leader Canadien du v\u00eatement  fait sur mesures pour les hommes.  Avec plus de 20 ans d&#8217;exp\u00e9rience, Peter fournit \u00e0 l&#8217;homme d&#8217;aujourd&#8217;hui, une mode masculine de haute qualit\u00e9 qui vous conviendra parfaitement.<br \/>\nPeter a fait ses d\u00e9buts en vendant des complets raffin\u00e9s \u00e0 Hong Kong. Aujourd&#8217;hui, il est connu dans le monde entier comme \u00e9tant &#8220;le Tailleur de Shanghai&#8221;.<br \/>\nMaintenant implant\u00e9 dans les grands centres d&#8217;affaires \u00e0 travers le Canada, Peter offre directement \u00e0 ses clients, ses v\u00eatements r\u00e9put\u00e9s de classe mondiale.<br \/>\nLes clients \u00e0 la recherche des cr\u00e9ations sur mesures de Peter, peuvent se rendre \u00e0 Toronto, Calgary ou Vancouver. En l&#8217;espace de 30 minutes, le personnel prendra soin de votre essayage, vous conseillera en mati\u00e8re de styles et du choix des meilleurs tissus. Qu&#8217;il s&#8217;agisse de l&#8217;\u00e9l\u00e9gance d&#8217;un complet crois\u00e9, moderne ou coupe \u00e9troite, tous les mod\u00e8les, styles et tissus peuvent \u00eatre modifi\u00e9s selon vos d\u00e9sirs. Ensuite notre \u00e9quipe concevra  votre costume ou chemise, \u00e0 la main, afin de compl\u00e9menter votre allure, style et personnalit\u00e9 et vous donner la sensation naturelle de confort absolu.<br \/>\nNotre objectif est de styliser le v\u00eatement pour hommes fait sur mesures de mani\u00e8re \u00e9l\u00e9gante et \u00e0 des prix accessibles. Nous croyons \u00e0 nos produits et valorisons les recommandations de nos clients satisfaits au cours des 20 derni\u00e8res ann\u00e9es.<\/p>\n<p>[\/et_pb_text][\/et_pb_column][et_pb_column type=&#8221;1_3&#8243;][et_pb_image admin_label=&#8221;Image&#8221; src=&#8221;https:\/\/peterparvez.ca\/fr\/wp-content\/uploads\/2016\/05\/suitx.jpg&#8221; show_in_lightbox=&#8221;off&#8221; url_new_window=&#8221;off&#8221; use_overlay=&#8221;off&#8221; animation=&#8221;left&#8221; sticky=&#8221;off&#8221; align=&#8221;left&#8221; force_fullwidth=&#8221;off&#8221; always_center_on_mobile=&#8221;on&#8221; use_border_color=&#8221;off&#8221; border_color=&#8221;#ffffff&#8221; border_style=&#8221;solid&#8221;]<\/p>\n<p>[\/et_pb_image][\/et_pb_column][\/et_pb_row][\/et_pb_section]<\/p>\n","protected":false},"excerpt":{"rendered":"<p>Peter Parvez est le leader Canadien du v\u00eatement fait sur mesures pour les hommes. Avec plus de 20 ans d&#8217;exp\u00e9rience, Peter fournit \u00e0 l&#8217;homme d&#8217;aujourd&#8217;hui, une mode masculine de haute qualit\u00e9 qui vous conviendra parfaitement. Peter a fait ses d\u00e9buts en vendant des complets raffin\u00e9s \u00e0 Hong Kong. Aujourd&#8217;hui, il est connu dans le monde [&hellip;]<\/p>\n","protected":false},"author":1,"featured_media":0,"parent":0,"menu_order":0,"comment_status":"closed","ping_status":"closed","template":"","meta":{"_et_pb_use_builder":"on","_et_pb_old_content":"","_et_gb_content_width":"","footnotes":""},"class_list":["post-9241","page","type-page","status-publish","hentry"],"_links":{"self":[{"href":"https:\/\/peterparvez.ca\/fr\/wp-json\/wp\/v2\/pages\/9241","targetHints":{"allow":["GET"]}}],"collection":[{"href":"https:\/\/peterparvez.ca\/fr\/wp-json\/wp\/v2\/pages"}],"about":[{"href":"https:\/\/peterparvez.ca\/fr\/wp-json\/wp\/v2\/types\/page"}],"author":[{"embeddable":true,"href":"https:\/\/peterparvez.ca\/fr\/wp-json\/wp\/v2\/users\/1"}],"replies":[{"embeddable":true,"href":"https:\/\/peterparvez.ca\/fr\/wp-json\/wp\/v2\/comments?post=9241"}],"version-history":[{"count":8,"href":"https:\/\/peterparvez.ca\/fr\/wp-json\/wp\/v2\/pages\/9241\/revisions"}],"predecessor-version":[{"id":9697,"href":"https:\/\/peterparvez.ca\/fr\/wp-json\/wp\/v2\/pages\/9241\/revisions\/9697"}],"wp:attachment":[{"href":"https:\/\/peterparvez.ca\/fr\/wp-json\/wp\/v2\/media?parent=9241"}],"curies":[{"name":"wp","href":"https:\/\/api.w.org\/{rel}","templated":true}]}}