{"id":9278,"date":"2016-05-10T07:43:48","date_gmt":"2016-05-10T07:43:48","guid":{"rendered":"https:\/\/peterparvez.ca\/fr\/fr\/?page_id=9278"},"modified":"2016-08-24T16:05:21","modified_gmt":"2016-08-24T20:05:21","slug":"cuff-styles","status":"publish","type":"page","link":"https:\/\/peterparvez.ca\/fr\/cuff-styles\/","title":{"rendered":"STYLES DE MANCHETTES"},"content":{"rendered":"<p>[et_pb_section admin_label=&#8221;Section&#8221; fullwidth=&#8221;on&#8221; specialty=&#8221;off&#8221;][et_pb_fullwidth_header admin_label=&#8221;Fullwidth Header&#8221; title=&#8221;STYLES DE MANCHETTES&#8221; background_layout=&#8221;dark&#8221; text_orientation=&#8221;left&#8221; header_fullscreen=&#8221;off&#8221; header_scroll_down=&#8221;off&#8221; background_url=&#8221;https:\/\/peterparvez.ca\/fr\/wp-content\/uploads\/2016\/05\/ptg04229127.jpg&#8221; parallax=&#8221;off&#8221; parallax_method=&#8221;off&#8221; content_orientation=&#8221;center&#8221; image_orientation=&#8221;center&#8221; custom_button_one=&#8221;off&#8221; button_one_letter_spacing=&#8221;0&#8243; button_one_use_icon=&#8221;default&#8221; button_one_icon_placement=&#8221;right&#8221; button_one_on_hover=&#8221;on&#8221; button_one_letter_spacing_hover=&#8221;0&#8243; custom_button_two=&#8221;off&#8221; button_two_letter_spacing=&#8221;0&#8243; button_two_use_icon=&#8221;default&#8221; button_two_icon_placement=&#8221;right&#8221; button_two_on_hover=&#8221;on&#8221; button_two_letter_spacing_hover=&#8221;0&#8243;]<\/p>\n<p>[\/et_pb_fullwidth_header][\/et_pb_section][et_pb_section admin_label=&#8221;Section&#8221; fullwidth=&#8221;off&#8221; specialty=&#8221;off&#8221;][et_pb_row admin_label=&#8221;Row&#8221;][et_pb_column type=&#8221;1_3&#8243;][et_pb_text admin_label=&#8221;Text&#8221; background_layout=&#8221;light&#8221; text_orientation=&#8221;left&#8221; use_border_color=&#8221;off&#8221; border_color=&#8221;#ffffff&#8221; border_style=&#8221;solid&#8221;]<\/p>\n<h1 class=\"title\">MANCHETTE SIMPLE<\/h1>\n<p>La manchette traditionnelle classique deux boutons offre des poignets droits aux angles arrondis, afin d&#8217;offrir une allure plus d\u00e9contract\u00e9e.<\/p>\n<p>[\/et_pb_text][et_pb_image admin_label=&#8221;Image&#8221; src=&#8221;https:\/\/peterparvez.ca\/fr\/wp-content\/uploads\/2016\/08\/SingleRoundedCuff1.jpg&#8221; show_in_lightbox=&#8221;on&#8221; url_new_window=&#8221;off&#8221; use_overlay=&#8221;off&#8221; animation=&#8221;off&#8221; sticky=&#8221;off&#8221; align=&#8221;left&#8221; force_fullwidth=&#8221;off&#8221; always_center_on_mobile=&#8221;on&#8221; use_border_color=&#8221;off&#8221; border_color=&#8221;#ffffff&#8221; border_style=&#8221;solid&#8221;]<\/p>\n<p>[\/et_pb_image][\/et_pb_column][et_pb_column type=&#8221;1_3&#8243;][et_pb_text admin_label=&#8221;Text&#8221; background_layout=&#8221;light&#8221; text_orientation=&#8221;left&#8221; use_border_color=&#8221;off&#8221; border_color=&#8221;#ffffff&#8221; border_style=&#8221;solid&#8221;]<\/p>\n<h1 class=\"title\">MANCHETTE SIMPLE CARR\u00c9E<\/h1>\n<p>C&#8217;est une manchette traditionnelle \u00e0 poignets droits munie d&#8217;une seconde boutonni\u00e8re dissimul\u00e9e pouvant rester ouverte ou port\u00e9e avec des boutons de manchettes, ce qui en fait une chemise tr\u00e8s versatile.<\/p>\n<p>[\/et_pb_text][et_pb_image admin_label=&#8221;Image&#8221; src=&#8221;https:\/\/peterparvez.ca\/fr\/wp-content\/uploads\/2016\/08\/SingleButtomCuff1.jpg&#8221; show_in_lightbox=&#8221;on&#8221; url_new_window=&#8221;off&#8221; use_overlay=&#8221;off&#8221; animation=&#8221;off&#8221; sticky=&#8221;off&#8221; align=&#8221;left&#8221; force_fullwidth=&#8221;off&#8221; always_center_on_mobile=&#8221;on&#8221; use_border_color=&#8221;off&#8221; border_color=&#8221;#ffffff&#8221; border_style=&#8221;solid&#8221;]<\/p>\n<p>[\/et_pb_image][\/et_pb_column][et_pb_column type=&#8221;1_3&#8243;][et_pb_text admin_label=&#8221;Text&#8221; background_layout=&#8221;light&#8221; text_orientation=&#8221;left&#8221; use_border_color=&#8221;off&#8221; border_color=&#8221;#ffffff&#8221; border_style=&#8221;solid&#8221;]<\/p>\n<h1 class=\"title\">MANCHETTE CONVERTIBLE<\/h1>\n<p>La manchette \u00e0 deux boutons est une manchette traditionnelle \u00e0 poignets droits et bouts arrondis, offrant une deuxi\u00e8me boutonni\u00e8re pour l&#8217;option boutons de manchettes.<\/p>\n<p>[\/et_pb_text][et_pb_image admin_label=&#8221;Image&#8221; src=&#8221;https:\/\/peterparvez.ca\/fr\/wp-content\/uploads\/2016\/08\/RoundedCuff1.jpg&#8221; show_in_lightbox=&#8221;on&#8221; url_new_window=&#8221;off&#8221; use_overlay=&#8221;off&#8221; animation=&#8221;off&#8221; sticky=&#8221;off&#8221; align=&#8221;left&#8221; force_fullwidth=&#8221;off&#8221; always_center_on_mobile=&#8221;on&#8221; use_border_color=&#8221;off&#8221; border_color=&#8221;#ffffff&#8221; border_style=&#8221;solid&#8221;]<\/p>\n<p>[\/et_pb_image][\/et_pb_column][\/et_pb_row][et_pb_row admin_label=&#8221;Row&#8221;][et_pb_column type=&#8221;1_3&#8243;][et_pb_text admin_label=&#8221;Text&#8221; background_layout=&#8221;light&#8221; text_orientation=&#8221;left&#8221; use_border_color=&#8221;off&#8221; border_color=&#8221;#ffffff&#8221; border_style=&#8221;solid&#8221;]<\/p>\n<h1 class=\"title\">POIGNETS FRAN\u00c7AIS<\/h1>\n<p>Les poignets fran\u00e7ais sont les plus formels et con\u00e7us pour des boutons de manchettes. Ils sont uniques et se portent avec des chemises tr\u00e8s habill\u00e9es.<\/p>\n<p>[\/et_pb_text][et_pb_image admin_label=&#8221;Image&#8221; src=&#8221;https:\/\/peterparvez.ca\/fr\/wp-content\/uploads\/2016\/08\/FrenchCuff1.jpg&#8221; show_in_lightbox=&#8221;off&#8221; url_new_window=&#8221;off&#8221; use_overlay=&#8221;off&#8221; animation=&#8221;off&#8221; sticky=&#8221;on&#8221; align=&#8221;left&#8221; force_fullwidth=&#8221;off&#8221; always_center_on_mobile=&#8221;on&#8221; use_border_color=&#8221;off&#8221; border_color=&#8221;#ffffff&#8221; border_style=&#8221;solid&#8221;]<\/p>\n<p>[\/et_pb_image][\/et_pb_column][et_pb_column type=&#8221;1_3&#8243;][et_pb_text admin_label=&#8221;Text&#8221; background_layout=&#8221;light&#8221; text_orientation=&#8221;left&#8221; use_border_color=&#8221;off&#8221; border_color=&#8221;#ffffff&#8221; border_style=&#8221;solid&#8221;]<\/p>\n<h1 class=\"title\">MANCHETTE COUP\u00c9E EN ANGLE<\/h1>\n<p>La manchette coup\u00e9e en angles est une manchette traditionnelle parfaitement adapt\u00e9e aux occasions habill\u00e9es.<\/p>\n<p>[\/et_pb_text][et_pb_image admin_label=&#8221;Image&#8221; src=&#8221;https:\/\/peterparvez.ca\/fr\/wp-content\/uploads\/2016\/08\/MiteredCuff1.jpg&#8221; show_in_lightbox=&#8221;on&#8221; url_new_window=&#8221;off&#8221; use_overlay=&#8221;off&#8221; animation=&#8221;off&#8221; sticky=&#8221;off&#8221; align=&#8221;left&#8221; force_fullwidth=&#8221;off&#8221; always_center_on_mobile=&#8221;on&#8221; use_border_color=&#8221;off&#8221; border_color=&#8221;#ffffff&#8221; border_style=&#8221;solid&#8221;]<\/p>\n<p>[\/et_pb_image][\/et_pb_column][et_pb_column type=&#8221;1_3&#8243;][et_pb_text admin_label=&#8221;Text&#8221; background_layout=&#8221;light&#8221; text_orientation=&#8221;left&#8221; use_border_color=&#8221;off&#8221; border_color=&#8221;#ffffff&#8221; border_style=&#8221;solid&#8221;]<\/p>\n<h1 class=\"title\">BRASSARD ROUNDED SINGLE<\/h1>\n<p>La manchette arrondie  est une manchette aux poignets traditionnels et coins arrondis offrant une allure plus versatile et d\u00e9contract\u00e9e.<\/p>\n<p>[\/et_pb_text][et_pb_image admin_label=&#8221;Image&#8221; src=&#8221;https:\/\/peterparvez.ca\/fr\/wp-content\/uploads\/2016\/08\/SingleRoundedCuff1.jpg&#8221; show_in_lightbox=&#8221;on&#8221; url_new_window=&#8221;off&#8221; use_overlay=&#8221;off&#8221; animation=&#8221;off&#8221; sticky=&#8221;off&#8221; align=&#8221;left&#8221; force_fullwidth=&#8221;off&#8221; always_center_on_mobile=&#8221;on&#8221; use_border_color=&#8221;off&#8221; border_color=&#8221;#ffffff&#8221; border_style=&#8221;solid&#8221;]<\/p>\n<p>[\/et_pb_image][\/et_pb_column][\/et_pb_row][\/et_pb_section][et_pb_section admin_label=&#8221;Section&#8221; fullwidth=&#8221;on&#8221; specialty=&#8221;off&#8221; transparent_background=&#8221;off&#8221; background_color=&#8221;#e02b20&#8243; allow_player_pause=&#8221;off&#8221; inner_shadow=&#8221;off&#8221; parallax=&#8221;off&#8221; parallax_method=&#8221;off&#8221; padding_mobile=&#8221;off&#8221; make_fullwidth=&#8221;off&#8221; use_custom_width=&#8221;off&#8221; width_unit=&#8221;on&#8221; make_equal=&#8221;off&#8221; use_custom_gutter=&#8221;off&#8221;][et_pb_fullwidth_header admin_label=&#8221;Fullwidth Header&#8221; title=&#8221;R\u00e9servez votre essayage&#8221; subhead=&#8221;A l&#8217;un de nos emplacements au Canada et aux \u00c9tats-Unis&#8221; background_layout=&#8221;dark&#8221; text_orientation=&#8221;center&#8221; header_fullscreen=&#8221;off&#8221; header_scroll_down=&#8221;off&#8221; button_one_text=&#8221;R\u00e9servez un essayage &#8221; button_one_url=&#8221;https:\/\/peterparvez.ca\/fr\/fr\/book-a-fitting\/&#8221; button_two_text=&#8221;Trouvez un magasin&#8221; button_two_url=&#8221;https:\/\/peterparvez.ca\/fr\/fr\/locations\/&#8221; parallax=&#8221;off&#8221; parallax_method=&#8221;off&#8221; content_orientation=&#8221;center&#8221; image_orientation=&#8221;center&#8221; custom_button_one=&#8221;off&#8221; button_one_letter_spacing=&#8221;0&#8243; button_one_use_icon=&#8221;default&#8221; button_one_icon_placement=&#8221;right&#8221; button_one_on_hover=&#8221;on&#8221; button_one_letter_spacing_hover=&#8221;0&#8243; custom_button_two=&#8221;off&#8221; button_two_letter_spacing=&#8221;0&#8243; button_two_use_icon=&#8221;default&#8221; button_two_icon_placement=&#8221;right&#8221; button_two_on_hover=&#8221;on&#8221; button_two_letter_spacing_hover=&#8221;0&#8243;]<\/p>\n<p>[\/et_pb_fullwidth_header][\/et_pb_section]<\/p>\n","protected":false},"excerpt":{"rendered":"<p>MANCHETTE SIMPLE La manchette traditionnelle classique deux boutons offre des poignets droits aux angles arrondis, afin d&#8217;offrir une allure plus d\u00e9contract\u00e9e. MANCHETTE SIMPLE CARR\u00c9E C&#8217;est une manchette traditionnelle \u00e0 poignets droits munie d&#8217;une seconde boutonni\u00e8re dissimul\u00e9e pouvant rester ouverte ou port\u00e9e avec des boutons de manchettes, ce qui en fait une chemise tr\u00e8s versatile. MANCHETTE [&hellip;]<\/p>\n","protected":false},"author":1,"featured_media":0,"parent":0,"menu_order":0,"comment_status":"closed","ping_status":"closed","template":"","meta":{"_et_pb_use_builder":"on","_et_pb_old_content":"","_et_gb_content_width":"","footnotes":""},"class_list":["post-9278","page","type-page","status-publish","hentry"],"_links":{"self":[{"href":"https:\/\/peterparvez.ca\/fr\/wp-json\/wp\/v2\/pages\/9278","targetHints":{"allow":["GET"]}}],"collection":[{"href":"https:\/\/peterparvez.ca\/fr\/wp-json\/wp\/v2\/pages"}],"about":[{"href":"https:\/\/peterparvez.ca\/fr\/wp-json\/wp\/v2\/types\/page"}],"author":[{"embeddable":true,"href":"https:\/\/peterparvez.ca\/fr\/wp-json\/wp\/v2\/users\/1"}],"replies":[{"embeddable":true,"href":"https:\/\/peterparvez.ca\/fr\/wp-json\/wp\/v2\/comments?post=9278"}],"version-history":[{"count":14,"href":"https:\/\/peterparvez.ca\/fr\/wp-json\/wp\/v2\/pages\/9278\/revisions"}],"predecessor-version":[{"id":9804,"href":"https:\/\/peterparvez.ca\/fr\/wp-json\/wp\/v2\/pages\/9278\/revisions\/9804"}],"wp:attachment":[{"href":"https:\/\/peterparvez.ca\/fr\/wp-json\/wp\/v2\/media?parent=9278"}],"curies":[{"name":"wp","href":"https:\/\/api.w.org\/{rel}","templated":true}]}}