{"id":9286,"date":"2016-05-10T07:58:09","date_gmt":"2016-05-10T07:58:09","guid":{"rendered":"https:\/\/peterparvez.ca\/fr\/fr\/?page_id=9286"},"modified":"2016-08-24T16:15:10","modified_gmt":"2016-08-24T20:15:10","slug":"body-styles","status":"publish","type":"page","link":"https:\/\/peterparvez.ca\/fr\/body-styles\/","title":{"rendered":"STYLES DE CHEMISES"},"content":{"rendered":"<p>[et_pb_section admin_label=&#8221;Section&#8221; fullwidth=&#8221;on&#8221; specialty=&#8221;off&#8221;][et_pb_fullwidth_header admin_label=&#8221;Fullwidth Header&#8221; title=&#8221;STYLES DE CHEMISES&#8221; background_layout=&#8221;dark&#8221; text_orientation=&#8221;center&#8221; header_fullscreen=&#8221;off&#8221; header_scroll_down=&#8221;off&#8221; background_url=&#8221;https:\/\/peterparvez.ca\/fr\/wp-content\/uploads\/2016\/05\/PeterParvez_slide3.jpg&#8221; parallax=&#8221;off&#8221; parallax_method=&#8221;off&#8221; content_orientation=&#8221;center&#8221; image_orientation=&#8221;center&#8221; custom_button_one=&#8221;off&#8221; button_one_letter_spacing=&#8221;0&#8243; button_one_use_icon=&#8221;default&#8221; button_one_icon_placement=&#8221;right&#8221; button_one_on_hover=&#8221;on&#8221; button_one_letter_spacing_hover=&#8221;0&#8243; custom_button_two=&#8221;off&#8221; button_two_letter_spacing=&#8221;0&#8243; button_two_use_icon=&#8221;default&#8221; button_two_icon_placement=&#8221;right&#8221; button_two_on_hover=&#8221;on&#8221; button_two_letter_spacing_hover=&#8221;0&#8243;]<\/p>\n<p>[\/et_pb_fullwidth_header][\/et_pb_section][et_pb_section admin_label=&#8221;Section&#8221; fullwidth=&#8221;off&#8221; specialty=&#8221;off&#8221;][et_pb_row admin_label=&#8221;Row&#8221;][et_pb_column type=&#8221;1_3&#8243;][et_pb_text admin_label=&#8221;Text&#8221; background_layout=&#8221;light&#8221; text_orientation=&#8221;left&#8221; use_border_color=&#8221;off&#8221; border_color=&#8221;#ffffff&#8221; border_style=&#8221;solid&#8221;]<\/p>\n<h1 class=\"title\">DEVANT DE CHEMISES<\/h1>\n<p>Tissu de la chemise pli\u00e9 vers l&#8217;int\u00e9rieur. Aucun point n&#8217;est apparent, except\u00e9 sur le revers du tissu. Une lisi\u00e8re est utilis\u00e9e pour ce genre de chemises moins on\u00e9reuses plut\u00f4t qu&#8217;une doublure de points. Dans le cas d&#8217;une simple patte moderne, le rebord du devant de la chemise est repli\u00e9 pour cr\u00e9er un bord pli\u00e9 maintenu par les boutonni\u00e8res.<\/p>\n<p>[\/et_pb_text][et_pb_image admin_label=&#8221;Image&#8221; src=&#8221;https:\/\/peterparvez.ca\/fr\/wp-content\/uploads\/2016\/08\/plainfront1.jpg&#8221; show_in_lightbox=&#8221;on&#8221; url_new_window=&#8221;off&#8221; use_overlay=&#8221;off&#8221; animation=&#8221;off&#8221; sticky=&#8221;off&#8221; align=&#8221;left&#8221; force_fullwidth=&#8221;off&#8221; always_center_on_mobile=&#8221;on&#8221; use_border_color=&#8221;off&#8221; border_color=&#8221;#ffffff&#8221; border_style=&#8221;solid&#8221;]<\/p>\n<p>[\/et_pb_image][\/et_pb_column][et_pb_column type=&#8221;1_3&#8243;][et_pb_text admin_label=&#8221;Text&#8221; background_layout=&#8221;light&#8221; text_orientation=&#8221;left&#8221; use_border_color=&#8221;off&#8221; border_color=&#8221;#ffffff&#8221; border_style=&#8221;solid&#8221;]<\/p>\n<h1 class=\"title\">BOUTONS DISSIMUL\u00c9S<\/h1>\n<p>Les boutons sont cousus sur une bandelette dissimul\u00e9e derri\u00e8re le pli frontal de la chemise en face des boutonni\u00e8res. Un autre style de plis peut aussi recouvrir l&#8217;ensemble des boutonni\u00e8res derri\u00e8re le pli central frontal. Malheureusement, ces chemises ne se trouvent que tr\u00e8s rarement sur les \u00e9talages.<\/p>\n<p>[\/et_pb_text][et_pb_image admin_label=&#8221;Image&#8221; src=&#8221;https:\/\/peterparvez.ca\/fr\/wp-content\/uploads\/2016\/08\/HiddenButton1.jpg&#8221; show_in_lightbox=&#8221;on&#8221; url_new_window=&#8221;off&#8221; use_overlay=&#8221;off&#8221; animation=&#8221;off&#8221; sticky=&#8221;off&#8221; align=&#8221;left&#8221; force_fullwidth=&#8221;off&#8221; always_center_on_mobile=&#8221;on&#8221; use_border_color=&#8221;off&#8221; border_color=&#8221;#ffffff&#8221; border_style=&#8221;solid&#8221;]<\/p>\n<p>[\/et_pb_image][\/et_pb_column][et_pb_column type=&#8221;1_3&#8243;][et_pb_text admin_label=&#8221;Text&#8221; background_layout=&#8221;light&#8221; text_orientation=&#8221;left&#8221; use_border_color=&#8221;off&#8221; border_color=&#8221;#ffffff&#8221; border_style=&#8221;solid&#8221;]<\/p>\n<h1 class=\"title\">DEVANT PLISS\u00c9<\/h1>\n<p>Tissu de la chemise pli\u00e9e vers l&#8217;ext\u00e9rieur ( parfois un morceau de tissu suppl\u00e9mentaire). Variance de taille entre 1&#8243; et 2&#8243; de largeur, 1.5&#8243; \u00e9tant le plus commun. Deux rang\u00e9es apparentes de sur coutures visibles, g\u00e9n\u00e9ralement \u00e0 1\/4&#8243; du bord. Les coutures de l&#8217;encart peuvent mesurer jusqu&#8217;\u00e0 1\/2&#8243;. Habituellement con\u00e7u d&#8217;une doublure tr\u00e8s l\u00e9g\u00e8re.<\/p>\n<p>[\/et_pb_text][et_pb_image admin_label=&#8221;Image&#8221; src=&#8221;https:\/\/peterparvez.ca\/fr\/wp-content\/uploads\/2016\/08\/PleatedFront1.jpg&#8221; show_in_lightbox=&#8221;on&#8221; url_new_window=&#8221;off&#8221; use_overlay=&#8221;off&#8221; animation=&#8221;off&#8221; sticky=&#8221;off&#8221; align=&#8221;left&#8221; force_fullwidth=&#8221;off&#8221; always_center_on_mobile=&#8221;on&#8221; use_border_color=&#8221;off&#8221; border_color=&#8221;#ffffff&#8221; border_style=&#8221;solid&#8221;]<\/p>\n<p>[\/et_pb_image][\/et_pb_column][\/et_pb_row][\/et_pb_section][et_pb_section admin_label=&#8221;Section&#8221; fullwidth=&#8221;on&#8221; specialty=&#8221;off&#8221; transparent_background=&#8221;off&#8221; background_color=&#8221;#e02b20&#8243; allow_player_pause=&#8221;off&#8221; inner_shadow=&#8221;off&#8221; parallax=&#8221;off&#8221; parallax_method=&#8221;off&#8221; padding_mobile=&#8221;off&#8221; make_fullwidth=&#8221;off&#8221; use_custom_width=&#8221;off&#8221; width_unit=&#8221;on&#8221; make_equal=&#8221;off&#8221; use_custom_gutter=&#8221;off&#8221;][et_pb_fullwidth_header admin_label=&#8221;Fullwidth Header&#8221; title=&#8221;R\u00e9servez votre essayage &#8221; subhead=&#8221;A l&#8217;un de nos emplacements au Canada et aux \u00c9tats-Unis&#8221; background_layout=&#8221;dark&#8221; text_orientation=&#8221;center&#8221; header_fullscreen=&#8221;off&#8221; header_scroll_down=&#8221;off&#8221; button_one_text=&#8221;R\u00e9servez un essayage &#8221; button_one_url=&#8221;https:\/\/peterparvez.ca\/fr\/fr\/book-a-fitting\/&#8221; button_two_text=&#8221;Trouvez un magasin&#8221; button_two_url=&#8221;https:\/\/peterparvez.ca\/fr\/fr\/locations\/&#8221; parallax=&#8221;off&#8221; parallax_method=&#8221;off&#8221; content_orientation=&#8221;center&#8221; image_orientation=&#8221;center&#8221; custom_button_one=&#8221;off&#8221; button_one_letter_spacing=&#8221;0&#8243; button_one_use_icon=&#8221;default&#8221; button_one_icon_placement=&#8221;right&#8221; button_one_on_hover=&#8221;on&#8221; button_one_letter_spacing_hover=&#8221;0&#8243; custom_button_two=&#8221;off&#8221; button_two_letter_spacing=&#8221;0&#8243; button_two_use_icon=&#8221;default&#8221; button_two_icon_placement=&#8221;right&#8221; button_two_on_hover=&#8221;on&#8221; button_two_letter_spacing_hover=&#8221;0&#8243;]<\/p>\n<p>[\/et_pb_fullwidth_header][\/et_pb_section]<\/p>\n","protected":false},"excerpt":{"rendered":"<p>DEVANT DE CHEMISES Tissu de la chemise pli\u00e9 vers l&#8217;int\u00e9rieur. Aucun point n&#8217;est apparent, except\u00e9 sur le revers du tissu. Une lisi\u00e8re est utilis\u00e9e pour ce genre de chemises moins on\u00e9reuses plut\u00f4t qu&#8217;une doublure de points. Dans le cas d&#8217;une simple patte moderne, le rebord du devant de la chemise est repli\u00e9 pour cr\u00e9er un [&hellip;]<\/p>\n","protected":false},"author":1,"featured_media":0,"parent":0,"menu_order":0,"comment_status":"closed","ping_status":"closed","template":"","meta":{"_et_pb_use_builder":"on","_et_pb_old_content":"","_et_gb_content_width":"","footnotes":""},"class_list":["post-9286","page","type-page","status-publish","hentry"],"_links":{"self":[{"href":"https:\/\/peterparvez.ca\/fr\/wp-json\/wp\/v2\/pages\/9286","targetHints":{"allow":["GET"]}}],"collection":[{"href":"https:\/\/peterparvez.ca\/fr\/wp-json\/wp\/v2\/pages"}],"about":[{"href":"https:\/\/peterparvez.ca\/fr\/wp-json\/wp\/v2\/types\/page"}],"author":[{"embeddable":true,"href":"https:\/\/peterparvez.ca\/fr\/wp-json\/wp\/v2\/users\/1"}],"replies":[{"embeddable":true,"href":"https:\/\/peterparvez.ca\/fr\/wp-json\/wp\/v2\/comments?post=9286"}],"version-history":[{"count":13,"href":"https:\/\/peterparvez.ca\/fr\/wp-json\/wp\/v2\/pages\/9286\/revisions"}],"predecessor-version":[{"id":9809,"href":"https:\/\/peterparvez.ca\/fr\/wp-json\/wp\/v2\/pages\/9286\/revisions\/9809"}],"wp:attachment":[{"href":"https:\/\/peterparvez.ca\/fr\/wp-json\/wp\/v2\/media?parent=9286"}],"curies":[{"name":"wp","href":"https:\/\/api.w.org\/{rel}","templated":true}]}}