{"id":9297,"date":"2016-05-10T08:12:13","date_gmt":"2016-05-10T08:12:13","guid":{"rendered":"https:\/\/peterparvez.ca\/fr\/fr\/?page_id=9297"},"modified":"2016-06-08T21:42:26","modified_gmt":"2016-06-08T21:42:26","slug":"wool_and_cashmere","status":"publish","type":"page","link":"https:\/\/peterparvez.ca\/fr\/wool_and_cashmere\/","title":{"rendered":"LAINE ET CACHEMIRE"},"content":{"rendered":"<p>[et_pb_section admin_label=&#8221;Section&#8221; fullwidth=&#8221;on&#8221; specialty=&#8221;off&#8221; background_image=&#8221;https:\/\/peterparvez.ca\/fr\/wp-content\/uploads\/2016\/05\/PeterParvez_slide1b2-1.jpg&#8221; transparent_background=&#8221;off&#8221; background_color=&#8221;#ffffff&#8221; allow_player_pause=&#8221;off&#8221; inner_shadow=&#8221;off&#8221; parallax=&#8221;off&#8221; parallax_method=&#8221;off&#8221; padding_mobile=&#8221;off&#8221; make_fullwidth=&#8221;off&#8221; use_custom_width=&#8221;off&#8221; width_unit=&#8221;on&#8221; make_equal=&#8221;off&#8221; use_custom_gutter=&#8221;off&#8221;][et_pb_fullwidth_header admin_label=&#8221;Fullwidth Header&#8221; title=&#8221;LAINE ET CACHEMIRE&#8221; background_layout=&#8221;dark&#8221; text_orientation=&#8221;center&#8221; header_fullscreen=&#8221;off&#8221; header_scroll_down=&#8221;off&#8221; parallax=&#8221;off&#8221; parallax_method=&#8221;off&#8221; content_orientation=&#8221;center&#8221; image_orientation=&#8221;center&#8221; custom_button_one=&#8221;off&#8221; button_one_letter_spacing=&#8221;0&#8243; button_one_use_icon=&#8221;default&#8221; button_one_icon_placement=&#8221;right&#8221; button_one_on_hover=&#8221;on&#8221; button_one_letter_spacing_hover=&#8221;0&#8243; custom_button_two=&#8221;off&#8221; button_two_letter_spacing=&#8221;0&#8243; button_two_use_icon=&#8221;default&#8221; button_two_icon_placement=&#8221;right&#8221; button_two_on_hover=&#8221;on&#8221; button_two_letter_spacing_hover=&#8221;0&#8243; subhead=&#8221;Costumes qui vous vont &#8220;]<\/p>\n<p>[\/et_pb_fullwidth_header][\/et_pb_section][et_pb_section admin_label=&#8221;Section&#8221; fullwidth=&#8221;off&#8221; specialty=&#8221;off&#8221;][et_pb_row admin_label=&#8221;Row&#8221;][et_pb_column type=&#8221;1_2&#8243;][et_pb_image admin_label=&#8221;Image&#8221; src=&#8221;https:\/\/peterparvez.ca\/fr\/wp-content\/uploads\/2016\/03\/woolcashmere.jpg&#8221; show_in_lightbox=&#8221;off&#8221; url_new_window=&#8221;off&#8221; use_overlay=&#8221;off&#8221; animation=&#8221;left&#8221; sticky=&#8221;off&#8221; align=&#8221;left&#8221; force_fullwidth=&#8221;off&#8221; always_center_on_mobile=&#8221;on&#8221; use_border_color=&#8221;off&#8221; border_color=&#8221;#ffffff&#8221; border_style=&#8221;solid&#8221;]<\/p>\n<p>[\/et_pb_image][et_pb_image admin_label=&#8221;Image&#8221; src=&#8221;https:\/\/peterparvez.ca\/fr\/wp-content\/uploads\/2016\/03\/tiessuit.jpg&#8221; show_in_lightbox=&#8221;off&#8221; url_new_window=&#8221;off&#8221; use_overlay=&#8221;off&#8221; animation=&#8221;left&#8221; sticky=&#8221;off&#8221; align=&#8221;left&#8221; force_fullwidth=&#8221;off&#8221; always_center_on_mobile=&#8221;on&#8221; use_border_color=&#8221;off&#8221; border_color=&#8221;#ffffff&#8221; border_style=&#8221;solid&#8221;]<\/p>\n<p>[\/et_pb_image][\/et_pb_column][et_pb_column type=&#8221;1_2&#8243;][et_pb_image admin_label=&#8221;Image&#8221; src=&#8221;https:\/\/peterparvez.ca\/fr\/wp-content\/uploads\/2016\/03\/texudosHome.jpg&#8221; show_in_lightbox=&#8221;on&#8221; url_new_window=&#8221;off&#8221; use_overlay=&#8221;off&#8221; animation=&#8221;left&#8221; sticky=&#8221;off&#8221; align=&#8221;left&#8221; force_fullwidth=&#8221;off&#8221; always_center_on_mobile=&#8221;on&#8221; use_border_color=&#8221;off&#8221; border_color=&#8221;#ffffff&#8221; border_style=&#8221;solid&#8221;]<\/p>\n<p>[\/et_pb_image][\/et_pb_column][\/et_pb_row][\/et_pb_section][et_pb_section admin_label=&#8221;Section&#8221; fullwidth=&#8221;on&#8221; specialty=&#8221;off&#8221; background_image=&#8221;https:\/\/peterparvez.ca\/fr\/wp-content\/uploads\/2016\/04\/Gray-Pinstripe-Tone.jpg&#8221; transparent_background=&#8221;off&#8221; background_color=&#8221;#ffffff&#8221; allow_player_pause=&#8221;off&#8221; inner_shadow=&#8221;off&#8221; parallax=&#8221;off&#8221; parallax_method=&#8221;off&#8221; padding_mobile=&#8221;off&#8221; make_fullwidth=&#8221;off&#8221; use_custom_width=&#8221;off&#8221; width_unit=&#8221;on&#8221; make_equal=&#8221;off&#8221; use_custom_gutter=&#8221;off&#8221;][et_pb_fullwidth_header admin_label=&#8221;Fullwidth Header&#8221; title=&#8221;Sophistiqu\u00e9, \u00e9l\u00e9gant et fluide&#8221; background_layout=&#8221;dark&#8221; text_orientation=&#8221;left&#8221; header_fullscreen=&#8221;off&#8221; header_scroll_down=&#8221;off&#8221; parallax=&#8221;off&#8221; parallax_method=&#8221;off&#8221; content_orientation=&#8221;center&#8221; image_orientation=&#8221;center&#8221; custom_button_one=&#8221;off&#8221; button_one_letter_spacing=&#8221;0&#8243; button_one_use_icon=&#8221;default&#8221; button_one_icon_placement=&#8221;right&#8221; button_one_on_hover=&#8221;on&#8221; button_one_letter_spacing_hover=&#8221;0&#8243; custom_button_two=&#8221;off&#8221; button_two_letter_spacing=&#8221;0&#8243; button_two_use_icon=&#8221;default&#8221; button_two_icon_placement=&#8221;right&#8221; button_two_on_hover=&#8221;on&#8221; button_two_letter_spacing_hover=&#8221;0&#8243;]<\/p>\n<p>[\/et_pb_fullwidth_header][\/et_pb_section][et_pb_section admin_label=&#8221;Section&#8221; fullwidth=&#8221;off&#8221; specialty=&#8221;off&#8221;][et_pb_row admin_label=&#8221;Row&#8221;][et_pb_column type=&#8221;1_3&#8243;][et_pb_text admin_label=&#8221;Text&#8221; background_layout=&#8221;light&#8221; text_orientation=&#8221;left&#8221; use_border_color=&#8221;off&#8221; border_color=&#8221;#ffffff&#8221; border_style=&#8221;solid&#8221;]<\/p>\n<h1 class=\"title\">COUPE DROITE BOUTON UNIQUE<\/h1>\n<p>[\/et_pb_text][et_pb_image admin_label=&#8221;Image&#8221; src=&#8221;https:\/\/peterparvez.ca\/fr\/wp-content\/uploads\/2016\/03\/SingleBrested1Button.jpg&#8221; show_in_lightbox=&#8221;on&#8221; url_new_window=&#8221;off&#8221; use_overlay=&#8221;off&#8221; animation=&#8221;left&#8221; sticky=&#8221;off&#8221; align=&#8221;left&#8221; force_fullwidth=&#8221;off&#8221; always_center_on_mobile=&#8221;on&#8221; use_border_color=&#8221;off&#8221; border_color=&#8221;#ffffff&#8221; border_style=&#8221;solid&#8221;]<\/p>\n<p>[\/et_pb_image][et_pb_text admin_label=&#8221;Text&#8221; background_layout=&#8221;light&#8221; text_orientation=&#8221;left&#8221; use_border_color=&#8221;off&#8221; border_color=&#8221;#ffffff&#8221; border_style=&#8221;solid&#8221;]<\/p>\n<p>Les costumes coupe droite bouton unique sont les mod\u00e8les les plus courants, id\u00e9aux au travail, et pour les occasions sociales ou formelles. Le bouton unique est con\u00e7u pour mouler le torse.<\/p>\n<p>[\/et_pb_text][et_pb_text admin_label=&#8221;Text&#8221; background_layout=&#8221;light&#8221; text_orientation=&#8221;left&#8221; use_border_color=&#8221;off&#8221; border_color=&#8221;#ffffff&#8221; border_style=&#8221;solid&#8221;]<\/p>\n<h1 class=\"title\">POCHE PLAQU\u00c9E<\/h1>\n<p>[\/et_pb_text][et_pb_image admin_label=&#8221;Image&#8221; src=&#8221;https:\/\/peterparvez.ca\/fr\/wp-content\/uploads\/2016\/03\/BlueMarlHerringbone-1.jpg&#8221; show_in_lightbox=&#8221;on&#8221; url_new_window=&#8221;off&#8221; use_overlay=&#8221;off&#8221; animation=&#8221;left&#8221; sticky=&#8221;off&#8221; align=&#8221;left&#8221; force_fullwidth=&#8221;off&#8221; always_center_on_mobile=&#8221;on&#8221; use_border_color=&#8221;off&#8221; border_color=&#8221;#ffffff&#8221; border_style=&#8221;solid&#8221;]<\/p>\n<p>[\/et_pb_image][et_pb_text admin_label=&#8221;Text&#8221; background_layout=&#8221;light&#8221; text_orientation=&#8221;left&#8221; use_border_color=&#8221;off&#8221; border_color=&#8221;#ffffff&#8221; border_style=&#8221;solid&#8221;]<\/p>\n<p>La poche plaqu\u00e9e est cousue \u00e0 l&#8217;ext\u00e9rieur de la veste et offerte en une multitude de styles, formes et tailles, les poches carr\u00e9es \u00e9tant les plus demand\u00e9es.<\/p>\n<p>[\/et_pb_text][\/et_pb_column][et_pb_column type=&#8221;1_3&#8243;][et_pb_text admin_label=&#8221;Text&#8221; background_layout=&#8221;light&#8221; text_orientation=&#8221;left&#8221; use_border_color=&#8221;off&#8221; border_color=&#8221;#ffffff&#8221; border_style=&#8221;solid&#8221;]<\/p>\n<h1 class=\"title\">COUPE DROITE DEUX BOUTONS<\/h1>\n<p>[\/et_pb_text][et_pb_image admin_label=&#8221;Image&#8221; src=&#8221;https:\/\/peterparvez.ca\/fr\/wp-content\/uploads\/2016\/03\/BrownChecked.jpg&#8221; show_in_lightbox=&#8221;on&#8221; url_new_window=&#8221;off&#8221; use_overlay=&#8221;off&#8221; animation=&#8221;left&#8221; sticky=&#8221;off&#8221; align=&#8221;left&#8221; force_fullwidth=&#8221;off&#8221; always_center_on_mobile=&#8221;on&#8221; use_border_color=&#8221;off&#8221; border_color=&#8221;#ffffff&#8221; border_style=&#8221;solid&#8221;]<\/p>\n<p>[\/et_pb_image][et_pb_text admin_label=&#8221;Text&#8221; background_layout=&#8221;light&#8221; text_orientation=&#8221;left&#8221; use_border_color=&#8221;off&#8221; border_color=&#8221;#ffffff&#8221; border_style=&#8221;solid&#8221;]<\/p>\n<p>Le costume coupe droite deux boutons est le plus en vogue dans le genre, offrant une allure \u00e9l\u00e9gante classique pour celui qui le porte.<\/p>\n<p>[\/et_pb_text][et_pb_text admin_label=&#8221;Text&#8221; background_layout=&#8221;light&#8221; text_orientation=&#8221;left&#8221; use_border_color=&#8221;off&#8221; border_color=&#8221;#ffffff&#8221; border_style=&#8221;solid&#8221;]<\/p>\n<h1 class=\"title\">LE CROIS\u00c9<\/h1>\n<p>[\/et_pb_text][et_pb_image admin_label=&#8221;Image&#8221; src=&#8221;https:\/\/peterparvez.ca\/fr\/wp-content\/uploads\/2016\/03\/boublebrestedsuit.jpg&#8221; show_in_lightbox=&#8221;on&#8221; url_new_window=&#8221;off&#8221; use_overlay=&#8221;off&#8221; animation=&#8221;left&#8221; sticky=&#8221;off&#8221; align=&#8221;left&#8221; force_fullwidth=&#8221;off&#8221; always_center_on_mobile=&#8221;on&#8221; use_border_color=&#8221;off&#8221; border_color=&#8221;#ffffff&#8221; border_style=&#8221;solid&#8221;]<\/p>\n<p>[\/et_pb_image][et_pb_text admin_label=&#8221;Text&#8221; background_layout=&#8221;light&#8221; text_orientation=&#8221;left&#8221; use_border_color=&#8221;off&#8221; border_color=&#8221;#ffffff&#8221; border_style=&#8221;solid&#8221;]<\/p>\n<p>Le costume crois\u00e9 est port\u00e9 lors d&#8217;occasions plus formelles ou sociales. Son allure frappante convient particuli\u00e8rement aux cadres.<\/p>\n<p>[\/et_pb_text][\/et_pb_column][et_pb_column type=&#8221;1_3&#8243;][et_pb_text admin_label=&#8221;Text&#8221; background_layout=&#8221;light&#8221; text_orientation=&#8221;left&#8221; use_border_color=&#8221;off&#8221; border_color=&#8221;#ffffff&#8221; border_style=&#8221;solid&#8221;]<\/p>\n<h1 class=\"title\">COUPE DROITE HAUT REVERS<\/h1>\n<p>[\/et_pb_text][et_pb_image admin_label=&#8221;Image&#8221; src=&#8221;https:\/\/peterparvez.ca\/fr\/wp-content\/uploads\/2016\/03\/naviblue2button.jpg&#8221; show_in_lightbox=&#8221;on&#8221; url_new_window=&#8221;off&#8221; use_overlay=&#8221;off&#8221; animation=&#8221;left&#8221; sticky=&#8221;off&#8221; align=&#8221;left&#8221; force_fullwidth=&#8221;off&#8221; always_center_on_mobile=&#8221;on&#8221; use_border_color=&#8221;off&#8221; border_color=&#8221;#ffffff&#8221; border_style=&#8221;solid&#8221;]<\/p>\n<p>[\/et_pb_image][et_pb_image admin_label=&#8221;Image&#8221; src=&#8221;https:\/\/peterparvez.ca\/fr\/wp-content\/uploads\/2016\/05\/IMG_1835.jpg&#8221; show_in_lightbox=&#8221;off&#8221; url_new_window=&#8221;off&#8221; use_overlay=&#8221;off&#8221; animation=&#8221;off&#8221; sticky=&#8221;off&#8221; align=&#8221;left&#8221; force_fullwidth=&#8221;off&#8221; always_center_on_mobile=&#8221;on&#8221; use_border_color=&#8221;off&#8221; border_color=&#8221;#ffffff&#8221; border_style=&#8221;solid&#8221;]<\/p>\n<p>[\/et_pb_image][et_pb_image admin_label=&#8221;Image&#8221; src=&#8221;https:\/\/peterparvez.ca\/fr\/wp-content\/uploads\/2016\/05\/suit1.png&#8221; show_in_lightbox=&#8221;off&#8221; url_new_window=&#8221;off&#8221; use_overlay=&#8221;off&#8221; animation=&#8221;off&#8221; sticky=&#8221;off&#8221; align=&#8221;left&#8221; force_fullwidth=&#8221;off&#8221; always_center_on_mobile=&#8221;on&#8221; use_border_color=&#8221;off&#8221; border_color=&#8221;#ffffff&#8221; border_style=&#8221;solid&#8221;]<\/p>\n<p>[\/et_pb_image][\/et_pb_column][\/et_pb_row][\/et_pb_section][et_pb_section admin_label=&#8221;Section&#8221; fullwidth=&#8221;on&#8221; specialty=&#8221;off&#8221; transparent_background=&#8221;off&#8221; background_color=&#8221;#e02b20&#8243; allow_player_pause=&#8221;off&#8221; inner_shadow=&#8221;off&#8221; parallax=&#8221;off&#8221; parallax_method=&#8221;off&#8221; padding_mobile=&#8221;off&#8221; make_fullwidth=&#8221;off&#8221; use_custom_width=&#8221;off&#8221; width_unit=&#8221;on&#8221; make_equal=&#8221;off&#8221; use_custom_gutter=&#8221;off&#8221;][et_pb_fullwidth_header admin_label=&#8221;Fullwidth Header&#8221; title=&#8221;R\u00e9servez votre essayage &#8221; subhead=&#8221;A l&#8217;un de nos emplacements au Canada et aux \u00c9tats-Unis&#8221; background_layout=&#8221;dark&#8221; text_orientation=&#8221;center&#8221; header_fullscreen=&#8221;off&#8221; header_scroll_down=&#8221;off&#8221; button_one_text=&#8221;R\u00e9servez un essayage&#8221; button_one_url=&#8221;https:\/\/peterparvez.ca\/fr\/fr\/book-a-fitting\/&#8221; button_two_text=&#8221;Trouvez un magasin&#8221; button_two_url=&#8221;https:\/\/peterparvez.ca\/fr\/fr\/locations\/&#8221; parallax=&#8221;off&#8221; parallax_method=&#8221;off&#8221; content_orientation=&#8221;center&#8221; image_orientation=&#8221;center&#8221; custom_button_one=&#8221;off&#8221; button_one_letter_spacing=&#8221;0&#8243; button_one_use_icon=&#8221;default&#8221; button_one_icon_placement=&#8221;right&#8221; button_one_on_hover=&#8221;on&#8221; button_one_letter_spacing_hover=&#8221;0&#8243; custom_button_two=&#8221;off&#8221; button_two_letter_spacing=&#8221;0&#8243; button_two_use_icon=&#8221;default&#8221; button_two_icon_placement=&#8221;right&#8221; button_two_on_hover=&#8221;on&#8221; button_two_letter_spacing_hover=&#8221;0&#8243;]<\/p>\n<p>[\/et_pb_fullwidth_header][\/et_pb_section]<\/p>\n","protected":false},"excerpt":{"rendered":"<p>COUPE DROITE BOUTON UNIQUE Les costumes coupe droite bouton unique sont les mod\u00e8les les plus courants, id\u00e9aux au travail, et pour les occasions sociales ou formelles. Le bouton unique est con\u00e7u pour mouler le torse. POCHE PLAQU\u00c9E La poche plaqu\u00e9e est cousue \u00e0 l&#8217;ext\u00e9rieur de la veste et offerte en une multitude de styles, formes [&hellip;]<\/p>\n","protected":false},"author":1,"featured_media":0,"parent":0,"menu_order":0,"comment_status":"closed","ping_status":"closed","template":"","meta":{"_et_pb_use_builder":"on","_et_pb_old_content":"","_et_gb_content_width":"","footnotes":""},"class_list":["post-9297","page","type-page","status-publish","hentry"],"_links":{"self":[{"href":"https:\/\/peterparvez.ca\/fr\/wp-json\/wp\/v2\/pages\/9297","targetHints":{"allow":["GET"]}}],"collection":[{"href":"https:\/\/peterparvez.ca\/fr\/wp-json\/wp\/v2\/pages"}],"about":[{"href":"https:\/\/peterparvez.ca\/fr\/wp-json\/wp\/v2\/types\/page"}],"author":[{"embeddable":true,"href":"https:\/\/peterparvez.ca\/fr\/wp-json\/wp\/v2\/users\/1"}],"replies":[{"embeddable":true,"href":"https:\/\/peterparvez.ca\/fr\/wp-json\/wp\/v2\/comments?post=9297"}],"version-history":[{"count":25,"href":"https:\/\/peterparvez.ca\/fr\/wp-json\/wp\/v2\/pages\/9297\/revisions"}],"predecessor-version":[{"id":9705,"href":"https:\/\/peterparvez.ca\/fr\/wp-json\/wp\/v2\/pages\/9297\/revisions\/9705"}],"wp:attachment":[{"href":"https:\/\/peterparvez.ca\/fr\/wp-json\/wp\/v2\/media?parent=9297"}],"curies":[{"name":"wp","href":"https:\/\/api.w.org\/{rel}","templated":true}]}}