{"id":9330,"date":"2016-05-10T09:13:48","date_gmt":"2016-05-10T09:13:48","guid":{"rendered":"https:\/\/peterparvez.ca\/fr\/?page_id=9330"},"modified":"2021-08-10T17:39:47","modified_gmt":"2021-08-10T21:39:47","slug":"book-a-fitting","status":"publish","type":"page","link":"https:\/\/peterparvez.ca\/fr\/book-a-fitting\/","title":{"rendered":"Book A Fitting"},"content":{"rendered":"<p>[et_pb_section bb_built=&#8221;1&#8243; fullwidth=&#8221;on&#8221; specialty=&#8221;off&#8221; inner_width=&#8221;auto&#8221; inner_max_width=&#8221;1080px&#8221;][et_pb_fullwidth_header title=&#8221;R\u00c9SERVEZ UN ESSAYAGE&#8221; subhead=&#8221;Ici, vous pouvez choisir de r\u00e9server un raccord \u00e0 n&#8217;importe quel de nos endroits au Canada ou aux \u00c9tats-Unis&#8221; text_orientation=&#8221;center&#8221; header_fullscreen=&#8221;on&#8221; button_one_text=&#8221;Canada &#8221; button_one_url=&#8221;https:\/\/www.timecenter.com\/peterparvez2\/&#8221; button_two_text=&#8221;U.S.A.&#8221; button_two_url=&#8221;https:\/\/www.timecenter.com\/peterparvezusa\/boka\/time\/?rid=34414&amp;tjid=72507&amp;tidval=30&#8243; background_image=&#8221;https:\/\/peterparvez.ca\/fr\/wp-content\/uploads\/2016\/05\/bookingappointment2.png&#8221; content_max_width=&#8221;none&#8221; background_color=&#8221;rgba(255, 255, 255, 0)&#8221; _builder_version=&#8221;4.9.10&#8243; button_one_text_size__hover_enabled=&#8221;off&#8221; button_one_text_size__hover=&#8221;null&#8221; button_two_text_size__hover_enabled=&#8221;off&#8221; button_two_text_size__hover=&#8221;null&#8221; button_one_text_color__hover_enabled=&#8221;off&#8221; button_one_text_color__hover=&#8221;null&#8221; button_two_text_color__hover_enabled=&#8221;off&#8221; button_two_text_color__hover=&#8221;null&#8221; button_one_border_width__hover_enabled=&#8221;off&#8221; button_one_border_width__hover=&#8221;null&#8221; button_two_border_width__hover_enabled=&#8221;off&#8221; button_two_border_width__hover=&#8221;null&#8221; button_one_border_color__hover_enabled=&#8221;off&#8221; button_one_border_color__hover=&#8221;null&#8221; button_two_border_color__hover_enabled=&#8221;off&#8221; button_two_border_color__hover=&#8221;null&#8221; button_one_border_radius__hover_enabled=&#8221;off&#8221; button_one_border_radius__hover=&#8221;null&#8221; button_two_border_radius__hover_enabled=&#8221;off&#8221; button_two_border_radius__hover=&#8221;null&#8221; button_one_letter_spacing__hover_enabled=&#8221;on&#8221; button_one_letter_spacing__hover=&#8221;0&#8243; button_two_letter_spacing__hover_enabled=&#8221;on&#8221; button_two_letter_spacing__hover=&#8221;0&#8243; button_one_bg_color__hover_enabled=&#8221;off&#8221; button_one_bg_color__hover=&#8221;null&#8221; button_two_bg_color__hover_enabled=&#8221;off&#8221; button_two_bg_color__hover=&#8221;null&#8221; box_shadow_horizontal_image_tablet=&#8221;0px&#8221; box_shadow_vertical_image_tablet=&#8221;0px&#8221; box_shadow_blur_image_tablet=&#8221;40px&#8221; box_shadow_spread_image_tablet=&#8221;0px&#8221; text_shadow_horizontal_length=&#8221;text_shadow_style,%91object Object%93&#8243; text_shadow_horizontal_length_tablet=&#8221;0px&#8221; text_shadow_vertical_length=&#8221;text_shadow_style,%91object Object%93&#8243; text_shadow_vertical_length_tablet=&#8221;0px&#8221; text_shadow_blur_strength=&#8221;text_shadow_style,%91object Object%93&#8243; text_shadow_blur_strength_tablet=&#8221;1px&#8221; title_text_shadow_horizontal_length=&#8221;title_text_shadow_style,%91object Object%93&#8243; title_text_shadow_horizontal_length_tablet=&#8221;0px&#8221; title_text_shadow_vertical_length=&#8221;title_text_shadow_style,%91object Object%93&#8243; title_text_shadow_vertical_length_tablet=&#8221;0px&#8221; title_text_shadow_blur_strength=&#8221;title_text_shadow_style,%91object Object%93&#8243; title_text_shadow_blur_strength_tablet=&#8221;1px&#8221; content_text_shadow_horizontal_length=&#8221;content_text_shadow_style,%91object Object%93&#8243; content_text_shadow_horizontal_length_tablet=&#8221;0px&#8221; content_text_shadow_vertical_length=&#8221;content_text_shadow_style,%91object Object%93&#8243; content_text_shadow_vertical_length_tablet=&#8221;0px&#8221; content_text_shadow_blur_strength=&#8221;content_text_shadow_style,%91object Object%93&#8243; content_text_shadow_blur_strength_tablet=&#8221;1px&#8221; content_link_text_shadow_horizontal_length=&#8221;content_link_text_shadow_style,%91object Object%93&#8243; content_link_text_shadow_horizontal_length_tablet=&#8221;0px&#8221; content_link_text_shadow_vertical_length=&#8221;content_link_text_shadow_style,%91object Object%93&#8243; content_link_text_shadow_vertical_length_tablet=&#8221;0px&#8221; content_link_text_shadow_blur_strength=&#8221;content_link_text_shadow_style,%91object Object%93&#8243; content_link_text_shadow_blur_strength_tablet=&#8221;1px&#8221; content_ul_text_shadow_horizontal_length=&#8221;content_ul_text_shadow_style,%91object Object%93&#8243; content_ul_text_shadow_horizontal_length_tablet=&#8221;0px&#8221; content_ul_text_shadow_vertical_length=&#8221;content_ul_text_shadow_style,%91object Object%93&#8243; content_ul_text_shadow_vertical_length_tablet=&#8221;0px&#8221; content_ul_text_shadow_blur_strength=&#8221;content_ul_text_shadow_style,%91object Object%93&#8243; content_ul_text_shadow_blur_strength_tablet=&#8221;1px&#8221; content_ol_text_shadow_horizontal_length=&#8221;content_ol_text_shadow_style,%91object Object%93&#8243; content_ol_text_shadow_horizontal_length_tablet=&#8221;0px&#8221; content_ol_text_shadow_vertical_length=&#8221;content_ol_text_shadow_style,%91object Object%93&#8243; content_ol_text_shadow_vertical_length_tablet=&#8221;0px&#8221; content_ol_text_shadow_blur_strength=&#8221;content_ol_text_shadow_style,%91object Object%93&#8243; content_ol_text_shadow_blur_strength_tablet=&#8221;1px&#8221; content_quote_text_shadow_horizontal_length=&#8221;content_quote_text_shadow_style,%91object Object%93&#8243; content_quote_text_shadow_horizontal_length_tablet=&#8221;0px&#8221; content_quote_text_shadow_vertical_length=&#8221;content_quote_text_shadow_style,%91object Object%93&#8243; content_quote_text_shadow_vertical_length_tablet=&#8221;0px&#8221; content_quote_text_shadow_blur_strength=&#8221;content_quote_text_shadow_style,%91object Object%93&#8243; content_quote_text_shadow_blur_strength_tablet=&#8221;1px&#8221; subhead_text_shadow_horizontal_length=&#8221;subhead_text_shadow_style,%91object Object%93&#8243; subhead_text_shadow_horizontal_length_tablet=&#8221;0px&#8221; subhead_text_shadow_vertical_length=&#8221;subhead_text_shadow_style,%91object Object%93&#8243; subhead_text_shadow_vertical_length_tablet=&#8221;0px&#8221; subhead_text_shadow_blur_strength=&#8221;subhead_text_shadow_style,%91object Object%93&#8243; subhead_text_shadow_blur_strength_tablet=&#8221;1px&#8221; button_one_text_shadow_horizontal_length=&#8221;button_one_text_shadow_style,%91object Object%93&#8243; button_one_text_shadow_horizontal_length_tablet=&#8221;0px&#8221; button_one_text_shadow_vertical_length=&#8221;button_one_text_shadow_style,%91object Object%93&#8243; button_one_text_shadow_vertical_length_tablet=&#8221;0px&#8221; button_one_text_shadow_blur_strength=&#8221;button_one_text_shadow_style,%91object Object%93&#8243; button_one_text_shadow_blur_strength_tablet=&#8221;1px&#8221; box_shadow_horizontal_button_one_tablet=&#8221;0px&#8221; box_shadow_vertical_button_one_tablet=&#8221;0px&#8221; box_shadow_blur_button_one_tablet=&#8221;40px&#8221; box_shadow_spread_button_one_tablet=&#8221;0px&#8221; button_two_text_shadow_horizontal_length=&#8221;button_two_text_shadow_style,%91object Object%93&#8243; button_two_text_shadow_horizontal_length_tablet=&#8221;0px&#8221; button_two_text_shadow_vertical_length=&#8221;button_two_text_shadow_style,%91object Object%93&#8243; button_two_text_shadow_vertical_length_tablet=&#8221;0px&#8221; button_two_text_shadow_blur_strength=&#8221;button_two_text_shadow_style,%91object Object%93&#8243; button_two_text_shadow_blur_strength_tablet=&#8221;1px&#8221; box_shadow_horizontal_button_two_tablet=&#8221;0px&#8221; box_shadow_vertical_button_two_tablet=&#8221;0px&#8221; box_shadow_blur_button_two_tablet=&#8221;40px&#8221; box_shadow_spread_button_two_tablet=&#8221;0px&#8221; max_width_tablet=&#8221;50px&#8221; box_shadow_horizontal_tablet=&#8221;0px&#8221; box_shadow_vertical_tablet=&#8221;0px&#8221; box_shadow_blur_tablet=&#8221;40px&#8221; box_shadow_spread_tablet=&#8221;0px&#8221; vertical_offset_tablet=&#8221;0&#8243; horizontal_offset_tablet=&#8221;0&#8243; z_index_tablet=&#8221;0&#8243; \/][\/et_pb_section]<\/p>\n","protected":false},"excerpt":{"rendered":"","protected":false},"author":1,"featured_media":0,"parent":0,"menu_order":0,"comment_status":"closed","ping_status":"closed","template":"","meta":{"_et_pb_use_builder":"on","_et_pb_old_content":"","_et_gb_content_width":"","footnotes":""},"class_list":["post-9330","page","type-page","status-publish","hentry"],"_links":{"self":[{"href":"https:\/\/peterparvez.ca\/fr\/wp-json\/wp\/v2\/pages\/9330","targetHints":{"allow":["GET"]}}],"collection":[{"href":"https:\/\/peterparvez.ca\/fr\/wp-json\/wp\/v2\/pages"}],"about":[{"href":"https:\/\/peterparvez.ca\/fr\/wp-json\/wp\/v2\/types\/page"}],"author":[{"embeddable":true,"href":"https:\/\/peterparvez.ca\/fr\/wp-json\/wp\/v2\/users\/1"}],"replies":[{"embeddable":true,"href":"https:\/\/peterparvez.ca\/fr\/wp-json\/wp\/v2\/comments?post=9330"}],"version-history":[{"count":8,"href":"https:\/\/peterparvez.ca\/fr\/wp-json\/wp\/v2\/pages\/9330\/revisions"}],"predecessor-version":[{"id":9845,"href":"https:\/\/peterparvez.ca\/fr\/wp-json\/wp\/v2\/pages\/9330\/revisions\/9845"}],"wp:attachment":[{"href":"https:\/\/peterparvez.ca\/fr\/wp-json\/wp\/v2\/media?parent=9330"}],"curies":[{"name":"wp","href":"https:\/\/api.w.org\/{rel}","templated":true}]}}